{"id":4331,"date":"2024-04-08T12:45:05","date_gmt":"2024-04-08T22:45:05","guid":{"rendered":"https:\/\/maohinuiborabora.com\/?page_id=4331"},"modified":"2024-04-19T21:15:34","modified_gmt":"2024-04-20T07:15:34","slug":"merchandise","status":"publish","type":"page","link":"https:\/\/maohinuiborabora.com\/fr\/merchandise\/","title":{"rendered":"Marchandise"},"content":{"rendered":"<div data-elementor-type=\"wp-page\" data-elementor-id=\"4331\" class=\"elementor elementor-4331\">\n\t\t\t\t\t\t<section class=\"elementor-section elementor-top-section elementor-element elementor-element-a3ff139 elementor-section-full_width elementor-section-stretched elementor-section-height-default elementor-section-height-default\" data-id=\"a3ff139\" data-element_type=\"section\" data-e-type=\"section\" data-settings=\"{&quot;stretch_section&quot;:&quot;section-stretched&quot;}\">\n\t\t\t\t\t\t<div class=\"elementor-container elementor-column-gap-no\">\n\t\t\t\t\t<div class=\"elementor-column elementor-col-100 elementor-top-column elementor-element elementor-element-b336200\" data-id=\"b336200\" data-element_type=\"column\" data-e-type=\"column\">\n\t\t\t<div class=\"elementor-widget-wrap elementor-element-populated\">\n\t\t\t\t\t\t<div class=\"elementor-element elementor-element-1258f57 elementor-widget elementor-widget-premium-addon-banner\" data-id=\"1258f57\" data-element_type=\"widget\" data-e-type=\"widget\" data-settings=\"{&quot;_animation&quot;:&quot;none&quot;}\" data-widget_type=\"premium-addon-banner.default\">\n\t\t\t\t<div class=\"elementor-widget-container\">\n\t\t\t\t\t\t\t<div class=\"premium-banner-ib premium-banner-min-height premium-banner-animation2 none active premium-banner__effect-type1\">\n\t\t\t\t\t\t\t\t\t\t<img fetchpriority=\"high\" decoding=\"async\" width=\"2560\" height=\"896\" src=\"https:\/\/maohinuiborabora.com\/wp-content\/uploads\/2024\/04\/vista-banner-scaled.jpg\" class=\"attachment-full size-full wp-image-4333\" alt=\"\" srcset=\"https:\/\/maohinuiborabora.com\/wp-content\/uploads\/2024\/04\/vista-banner-scaled.jpg 2560w, https:\/\/maohinuiborabora.com\/wp-content\/uploads\/2024\/04\/vista-banner-300x105.jpg 300w, https:\/\/maohinuiborabora.com\/wp-content\/uploads\/2024\/04\/vista-banner-1024x358.jpg 1024w, https:\/\/maohinuiborabora.com\/wp-content\/uploads\/2024\/04\/vista-banner-768x269.jpg 768w, https:\/\/maohinuiborabora.com\/wp-content\/uploads\/2024\/04\/vista-banner-1536x538.jpg 1536w, https:\/\/maohinuiborabora.com\/wp-content\/uploads\/2024\/04\/vista-banner-2048x717.jpg 2048w\" sizes=\"(max-width: 2560px) 100vw, 2560px\" \/>\t\t\t\t\t\t\t\t\t<div class=\"premium-banner-ib-desc\">\n\t\t\t\t\n\t\t\t\t\t\t\t\t\t<h1 class=\"premium-banner-ib-title premium_banner_title\">\n\t\t\t\t\t\t\u00c0 venir\t\t\t\t\t<\/h1>\n\t\t\t\t\n\t\t\t\t\t\t\t\t\t<div class=\"premium-banner-ib-content premium_banner_content\">\n\t\t\t\t\t\t<p>Suivez-nous sur les r\u00e9seaux sociaux pour des mises \u00e0 jour sur nos produits en cours de conception<\/p>\t\t\t\t\t<\/div>\n\t\t\t\t\n\t\t\t\t\n\t\t\t\t\t\t\t<\/div>\n\t\t\t\t\t<\/div>\n\n\t\t\t\t\t\t<\/div>\n\t\t\t\t<\/div>\n\t\t\t\t\t<\/div>\n\t\t<\/div>\n\t\t\t\t\t<\/div>\n\t\t<\/section>\n\t\t\t\t<section class=\"elementor-section elementor-top-section elementor-element elementor-element-0639498 elementor-section-stretched elementor-section-boxed elementor-section-height-default elementor-section-height-default\" data-id=\"0639498\" data-element_type=\"section\" data-e-type=\"section\" data-settings=\"{&quot;stretch_section&quot;:&quot;section-stretched&quot;}\">\n\t\t\t\t\t\t\t<div class=\"elementor-background-overlay\"><\/div>\n\t\t\t\t\t\t\t<div class=\"elementor-container elementor-column-gap-default\">\n\t\t\t\t\t<div class=\"elementor-column elementor-col-100 elementor-top-column elementor-element elementor-element-44a0a03\" data-id=\"44a0a03\" data-element_type=\"column\" data-e-type=\"column\">\n\t\t\t<div class=\"elementor-widget-wrap elementor-element-populated\">\n\t\t\t\t\t\t<div class=\"elementor-element elementor-element-970caba elementor-widget elementor-widget-spacer\" data-id=\"970caba\" data-element_type=\"widget\" data-e-type=\"widget\" data-widget_type=\"spacer.default\">\n\t\t\t\t<div class=\"elementor-widget-container\">\n\t\t\t\t\t\t\t<div class=\"elementor-spacer\">\n\t\t\t<div class=\"elementor-spacer-inner\"><\/div>\n\t\t<\/div>\n\t\t\t\t\t\t<\/div>\n\t\t\t\t<\/div>\n\t\t\t\t<div class=\"elementor-element elementor-element-6294bc6 e-grid-align-mobile-center elementor-shape-rounded elementor-grid-0 e-grid-align-center elementor-widget elementor-widget-social-icons\" data-id=\"6294bc6\" data-element_type=\"widget\" data-e-type=\"widget\" data-widget_type=\"social-icons.default\">\n\t\t\t\t<div class=\"elementor-widget-container\">\n\t\t\t\t\t\t\t<div class=\"elementor-social-icons-wrapper elementor-grid\" role=\"list\">\n\t\t\t\t\t\t\t<span class=\"elementor-grid-item\" role=\"listitem\">\n\t\t\t\t\t<a class=\"elementor-icon elementor-social-icon elementor-social-icon-facebook elementor-repeater-item-3f67447\" href=\"https:\/\/www.facebook.com\/MaohiNuiBoraBora\/\" target=\"_blank\">\n\t\t\t\t\t\t<span class=\"elementor-screen-only\">Facebook<\/span>\n\t\t\t\t\t\t<i aria-hidden=\"true\" class=\"fab fa-facebook\"><\/i>\t\t\t\t\t<\/a>\n\t\t\t\t<\/span>\n\t\t\t\t\t\t\t<span class=\"elementor-grid-item\" role=\"listitem\">\n\t\t\t\t\t<a class=\"elementor-icon elementor-social-icon elementor-social-icon-instagram elementor-repeater-item-9e53b67\" href=\"https:\/\/www.instagram.com\/maohinuibora\" target=\"_blank\">\n\t\t\t\t\t\t<span class=\"elementor-screen-only\">Instagram<\/span>\n\t\t\t\t\t\t<i aria-hidden=\"true\" class=\"fab fa-instagram\"><\/i>\t\t\t\t\t<\/a>\n\t\t\t\t<\/span>\n\t\t\t\t\t\t\t<span class=\"elementor-grid-item\" role=\"listitem\">\n\t\t\t\t\t<a class=\"elementor-icon elementor-social-icon elementor-social-icon-tripadvisor elementor-repeater-item-0d1aad2\" href=\"https:\/\/www.tripadvisor.co.uk\/Attraction_Review-g311415-d1191067-Reviews-Maohi_Nui-Bora_Bora_Society_Islands.html\" target=\"_blank\">\n\t\t\t\t\t\t<span class=\"elementor-screen-only\">Tripadvisor<\/span>\n\t\t\t\t\t\t<i aria-hidden=\"true\" class=\"fab fa-tripadvisor\"><\/i>\t\t\t\t\t<\/a>\n\t\t\t\t<\/span>\n\t\t\t\t\t<\/div>\n\t\t\t\t\t\t<\/div>\n\t\t\t\t<\/div>\n\t\t\t\t<div class=\"elementor-element elementor-element-934a333 elementor-hidden-tablet elementor-hidden-mobile elementor-widget elementor-widget-spacer\" data-id=\"934a333\" data-element_type=\"widget\" data-e-type=\"widget\" data-widget_type=\"spacer.default\">\n\t\t\t\t<div class=\"elementor-widget-container\">\n\t\t\t\t\t\t\t<div class=\"elementor-spacer\">\n\t\t\t<div class=\"elementor-spacer-inner\"><\/div>\n\t\t<\/div>\n\t\t\t\t\t\t<\/div>\n\t\t\t\t<\/div>\n\t\t\t\t<div class=\"elementor-element elementor-element-915aeaf elementor-align-center elementor-mobile-align-justify elementor-widget elementor-widget-button\" data-id=\"915aeaf\" data-element_type=\"widget\" data-e-type=\"widget\" data-widget_type=\"button.default\">\n\t\t\t\t<div class=\"elementor-widget-container\">\n\t\t\t\t\t\t\t\t\t<div class=\"elementor-button-wrapper\">\n\t\t\t\t\t<a class=\"elementor-button elementor-button-link elementor-size-sm elementor-animation-float\" href=\"https:\/\/maohinuiborabora.com\/fr\/\">\n\t\t\t\t\t\t<span class=\"elementor-button-content-wrapper\">\n\t\t\t\t\t\t\t\t\t<span class=\"elementor-button-text\">De retour \u00e0 la maison<\/span>\n\t\t\t\t\t<\/span>\n\t\t\t\t\t<\/a>\n\t\t\t\t<\/div>\n\t\t\t\t\t\t\t\t<\/div>\n\t\t\t\t<\/div>\n\t\t\t\t<div class=\"elementor-element elementor-element-0c44a8c elementor-widget elementor-widget-spacer\" data-id=\"0c44a8c\" data-element_type=\"widget\" data-e-type=\"widget\" data-widget_type=\"spacer.default\">\n\t\t\t\t<div class=\"elementor-widget-container\">\n\t\t\t\t\t\t\t<div class=\"elementor-spacer\">\n\t\t\t<div class=\"elementor-spacer-inner\"><\/div>\n\t\t<\/div>\n\t\t\t\t\t\t<\/div>\n\t\t\t\t<\/div>\n\t\t\t\t\t<\/div>\n\t\t<\/div>\n\t\t\t\t\t<\/div>\n\t\t<\/section>\n\t\t\t\t<\/div>","protected":false},"excerpt":{"rendered":"<p>Bient\u00f4t disponible Suivez-nous sur les r\u00e9seaux sociaux pour des mises \u00e0 jour sur nos produits en cours de conception Facebook Instagram Tripadvisor Retour \u00e0 l&#039;accueil<\/p>","protected":false},"author":1,"featured_media":0,"parent":0,"menu_order":0,"comment_status":"closed","ping_status":"closed","template":"","meta":{"nf_dc_page":"","ocean_post_layout":"","ocean_both_sidebars_style":"","ocean_both_sidebars_content_width":0,"ocean_both_sidebars_sidebars_width":0,"ocean_sidebar":"","ocean_second_sidebar":"","ocean_disable_margins":"enable","ocean_add_body_class":"","ocean_shortcode_before_top_bar":"","ocean_shortcode_after_top_bar":"","ocean_shortcode_before_header":"","ocean_shortcode_after_header":"","ocean_has_shortcode":"","ocean_shortcode_after_title":"","ocean_shortcode_before_footer_widgets":"","ocean_shortcode_after_footer_widgets":"","ocean_shortcode_before_footer_bottom":"","ocean_shortcode_after_footer_bottom":"","ocean_display_top_bar":"default","ocean_display_header":"default","ocean_header_style":"","ocean_center_header_left_menu":"","ocean_custom_header_template":"","ocean_custom_logo":0,"ocean_custom_retina_logo":0,"ocean_custom_logo_max_width":0,"ocean_custom_logo_tablet_max_width":0,"ocean_custom_logo_mobile_max_width":0,"ocean_custom_logo_max_height":0,"ocean_custom_logo_tablet_max_height":0,"ocean_custom_logo_mobile_max_height":0,"ocean_header_custom_menu":"","ocean_menu_typo_font_family":"","ocean_menu_typo_font_subset":"","ocean_menu_typo_font_size":0,"ocean_menu_typo_font_size_tablet":0,"ocean_menu_typo_font_size_mobile":0,"ocean_menu_typo_font_size_unit":"px","ocean_menu_typo_font_weight":"","ocean_menu_typo_font_weight_tablet":"","ocean_menu_typo_font_weight_mobile":"","ocean_menu_typo_transform":"","ocean_menu_typo_transform_tablet":"","ocean_menu_typo_transform_mobile":"","ocean_menu_typo_line_height":0,"ocean_menu_typo_line_height_tablet":0,"ocean_menu_typo_line_height_mobile":0,"ocean_menu_typo_line_height_unit":"","ocean_menu_typo_spacing":0,"ocean_menu_typo_spacing_tablet":0,"ocean_menu_typo_spacing_mobile":0,"ocean_menu_typo_spacing_unit":"","ocean_menu_link_color":"","ocean_menu_link_color_hover":"","ocean_menu_link_color_active":"","ocean_menu_link_background":"","ocean_menu_link_hover_background":"","ocean_menu_link_active_background":"","ocean_menu_social_links_bg":"","ocean_menu_social_hover_links_bg":"","ocean_menu_social_links_color":"","ocean_menu_social_hover_links_color":"","ocean_disable_title":"default","ocean_disable_heading":"default","ocean_post_title":"","ocean_post_subheading":"","ocean_post_title_style":"","ocean_post_title_background_color":"","ocean_post_title_background":0,"ocean_post_title_bg_image_position":"","ocean_post_title_bg_image_attachment":"","ocean_post_title_bg_image_repeat":"","ocean_post_title_bg_image_size":"","ocean_post_title_height":0,"ocean_post_title_bg_overlay":0.5,"ocean_post_title_bg_overlay_color":"","ocean_disable_breadcrumbs":"default","ocean_breadcrumbs_color":"","ocean_breadcrumbs_separator_color":"","ocean_breadcrumbs_links_color":"","ocean_breadcrumbs_links_hover_color":"","ocean_display_footer_widgets":"default","ocean_display_footer_bottom":"default","ocean_custom_footer_template":"","footnotes":""},"class_list":["post-4331","page","type-page","status-publish","hentry","entry","owp-thumbs-layout-horizontal","owp-btn-normal","owp-tabs-layout-horizontal","has-no-thumbnails","has-product-nav"],"yoast_head":"<!-- This site is optimized with the Yoast SEO plugin v27.4 - https:\/\/yoast.com\/product\/yoast-seo-wordpress\/ -->\n<title>Merchandise - Maohi Nui Bora Bora<\/title>\n<meta name=\"robots\" content=\"index, follow, max-snippet:-1, max-image-preview:large, max-video-preview:-1\" \/>\n<link rel=\"canonical\" href=\"https:\/\/maohinuiborabora.com\/fr\/merchandise\/\" \/>\n<meta property=\"og:locale\" content=\"fr_FR\" \/>\n<meta property=\"og:type\" content=\"article\" \/>\n<meta property=\"og:title\" content=\"Merchandise - Maohi Nui Bora Bora\" \/>\n<meta property=\"og:description\" content=\"Coming Soon Follow us on social Media for updates on our products being designed Facebook Instagram Tripadvisor Back to Home\" \/>\n<meta property=\"og:url\" content=\"https:\/\/maohinuiborabora.com\/fr\/merchandise\/\" \/>\n<meta property=\"og:site_name\" content=\"Maohi Nui Bora Bora\" \/>\n<meta property=\"article:publisher\" content=\"https:\/\/www.facebook.com\/pages\/category\/Boat-Tour-Agency\/Maohi-Nui-123887721073618\/\" \/>\n<meta property=\"article:modified_time\" content=\"2024-04-20T07:15:34+00:00\" \/>\n<meta property=\"og:image\" content=\"https:\/\/maohinuiborabora.com\/wp-content\/uploads\/2024\/04\/vista-banner-scaled.jpg\" \/>\n<meta name=\"twitter:card\" content=\"summary_large_image\" \/>\n<meta name=\"twitter:label1\" content=\"Dur\u00e9e de lecture estim\u00e9e\" \/>\n\t<meta name=\"twitter:data1\" content=\"1 minute\" \/>\n<script type=\"application\/ld+json\" class=\"yoast-schema-graph\">{\"@context\":\"https:\\\/\\\/schema.org\",\"@graph\":[{\"@type\":\"WebPage\",\"@id\":\"https:\\\/\\\/maohinuiborabora.com\\\/merchandise\\\/\",\"url\":\"https:\\\/\\\/maohinuiborabora.com\\\/merchandise\\\/\",\"name\":\"Merchandise - Maohi Nui Bora Bora\",\"isPartOf\":{\"@id\":\"https:\\\/\\\/maohinuiborabora.com\\\/staging\\\/6604\\\/#website\"},\"primaryImageOfPage\":{\"@id\":\"https:\\\/\\\/maohinuiborabora.com\\\/merchandise\\\/#primaryimage\"},\"image\":{\"@id\":\"https:\\\/\\\/maohinuiborabora.com\\\/merchandise\\\/#primaryimage\"},\"thumbnailUrl\":\"https:\\\/\\\/maohinuiborabora.com\\\/wp-content\\\/uploads\\\/2024\\\/04\\\/vista-banner-scaled.jpg\",\"datePublished\":\"2024-04-08T22:45:05+00:00\",\"dateModified\":\"2024-04-20T07:15:34+00:00\",\"breadcrumb\":{\"@id\":\"https:\\\/\\\/maohinuiborabora.com\\\/merchandise\\\/#breadcrumb\"},\"inLanguage\":\"fr-FR\",\"potentialAction\":[{\"@type\":\"ReadAction\",\"target\":[\"https:\\\/\\\/maohinuiborabora.com\\\/merchandise\\\/\"]}]},{\"@type\":\"ImageObject\",\"inLanguage\":\"fr-FR\",\"@id\":\"https:\\\/\\\/maohinuiborabora.com\\\/merchandise\\\/#primaryimage\",\"url\":\"https:\\\/\\\/maohinuiborabora.com\\\/wp-content\\\/uploads\\\/2024\\\/04\\\/vista-banner-scaled.jpg\",\"contentUrl\":\"https:\\\/\\\/maohinuiborabora.com\\\/wp-content\\\/uploads\\\/2024\\\/04\\\/vista-banner-scaled.jpg\"},{\"@type\":\"BreadcrumbList\",\"@id\":\"https:\\\/\\\/maohinuiborabora.com\\\/merchandise\\\/#breadcrumb\",\"itemListElement\":[{\"@type\":\"ListItem\",\"position\":1,\"name\":\"Home\",\"item\":\"https:\\\/\\\/maohinuiborabora.com\\\/\"},{\"@type\":\"ListItem\",\"position\":2,\"name\":\"Merchandise\"}]},{\"@type\":\"WebSite\",\"@id\":\"https:\\\/\\\/maohinuiborabora.com\\\/staging\\\/6604\\\/#website\",\"url\":\"https:\\\/\\\/maohinuiborabora.com\\\/staging\\\/6604\\\/\",\"name\":\"Maohi Nui\",\"description\":\"Maohi Nui Lagoon Tours, Feast, and Weddings on Bora Bora\",\"publisher\":{\"@id\":\"https:\\\/\\\/maohinuiborabora.com\\\/staging\\\/6604\\\/#organization\"},\"potentialAction\":[{\"@type\":\"SearchAction\",\"target\":{\"@type\":\"EntryPoint\",\"urlTemplate\":\"https:\\\/\\\/maohinuiborabora.com\\\/staging\\\/6604\\\/?s={search_term_string}\"},\"query-input\":{\"@type\":\"PropertyValueSpecification\",\"valueRequired\":true,\"valueName\":\"search_term_string\"}}],\"inLanguage\":\"fr-FR\"},{\"@type\":\"Organization\",\"@id\":\"https:\\\/\\\/maohinuiborabora.com\\\/staging\\\/6604\\\/#organization\",\"name\":\"Maohi Nui\",\"url\":\"https:\\\/\\\/maohinuiborabora.com\\\/staging\\\/6604\\\/\",\"logo\":{\"@type\":\"ImageObject\",\"inLanguage\":\"fr-FR\",\"@id\":\"https:\\\/\\\/maohinuiborabora.com\\\/staging\\\/6604\\\/#\\\/schema\\\/logo\\\/image\\\/\",\"url\":\"https:\\\/\\\/maohinuiborabora.com\\\/wp-content\\\/uploads\\\/2023\\\/10\\\/cropped-Maohi-Nui-Logo-2.png\",\"contentUrl\":\"https:\\\/\\\/maohinuiborabora.com\\\/wp-content\\\/uploads\\\/2023\\\/10\\\/cropped-Maohi-Nui-Logo-2.png\",\"width\":512,\"height\":512,\"caption\":\"Maohi Nui\"},\"image\":{\"@id\":\"https:\\\/\\\/maohinuiborabora.com\\\/staging\\\/6604\\\/#\\\/schema\\\/logo\\\/image\\\/\"},\"sameAs\":[\"https:\\\/\\\/www.facebook.com\\\/pages\\\/category\\\/Boat-Tour-Agency\\\/Maohi-Nui-123887721073618\\\/\",\"https:\\\/\\\/www.tripadvisor.com\\\/Attraction_Review-g311415-d1191067-Reviews-Maohi_Nui-Bora_Bora_Society_Islands.html\"]}]}<\/script>\n<!-- \/ Yoast SEO plugin. -->","yoast_head_json":{"title":"Merchandise - Maohi Nui Bora Bora","robots":{"index":"index","follow":"follow","max-snippet":"max-snippet:-1","max-image-preview":"max-image-preview:large","max-video-preview":"max-video-preview:-1"},"canonical":"https:\/\/maohinuiborabora.com\/fr\/merchandise\/","og_locale":"fr_FR","og_type":"article","og_title":"Merchandise - Maohi Nui Bora Bora","og_description":"Coming Soon Follow us on social Media for updates on our products being designed Facebook Instagram Tripadvisor Back to Home","og_url":"https:\/\/maohinuiborabora.com\/fr\/merchandise\/","og_site_name":"Maohi Nui Bora Bora","article_publisher":"https:\/\/www.facebook.com\/pages\/category\/Boat-Tour-Agency\/Maohi-Nui-123887721073618\/","article_modified_time":"2024-04-20T07:15:34+00:00","og_image":[{"url":"https:\/\/maohinuiborabora.com\/wp-content\/uploads\/2024\/04\/vista-banner-scaled.jpg","type":"","width":"","height":""}],"twitter_card":"summary_large_image","twitter_misc":{"Dur\u00e9e de lecture estim\u00e9e":"1 minute"},"schema":{"@context":"https:\/\/schema.org","@graph":[{"@type":"WebPage","@id":"https:\/\/maohinuiborabora.com\/merchandise\/","url":"https:\/\/maohinuiborabora.com\/merchandise\/","name":"Merchandise - Maohi Nui Bora Bora","isPartOf":{"@id":"https:\/\/maohinuiborabora.com\/staging\/6604\/#website"},"primaryImageOfPage":{"@id":"https:\/\/maohinuiborabora.com\/merchandise\/#primaryimage"},"image":{"@id":"https:\/\/maohinuiborabora.com\/merchandise\/#primaryimage"},"thumbnailUrl":"https:\/\/maohinuiborabora.com\/wp-content\/uploads\/2024\/04\/vista-banner-scaled.jpg","datePublished":"2024-04-08T22:45:05+00:00","dateModified":"2024-04-20T07:15:34+00:00","breadcrumb":{"@id":"https:\/\/maohinuiborabora.com\/merchandise\/#breadcrumb"},"inLanguage":"fr-FR","potentialAction":[{"@type":"ReadAction","target":["https:\/\/maohinuiborabora.com\/merchandise\/"]}]},{"@type":"ImageObject","inLanguage":"fr-FR","@id":"https:\/\/maohinuiborabora.com\/merchandise\/#primaryimage","url":"https:\/\/maohinuiborabora.com\/wp-content\/uploads\/2024\/04\/vista-banner-scaled.jpg","contentUrl":"https:\/\/maohinuiborabora.com\/wp-content\/uploads\/2024\/04\/vista-banner-scaled.jpg"},{"@type":"BreadcrumbList","@id":"https:\/\/maohinuiborabora.com\/merchandise\/#breadcrumb","itemListElement":[{"@type":"ListItem","position":1,"name":"Home","item":"https:\/\/maohinuiborabora.com\/"},{"@type":"ListItem","position":2,"name":"Merchandise"}]},{"@type":"WebSite","@id":"https:\/\/maohinuiborabora.com\/staging\/6604\/#website","url":"https:\/\/maohinuiborabora.com\/staging\/6604\/","name":"Maohi Nui","description":"Visites, f\u00eates et mariages du lagon Maohi Nui \u00e0 Bora Bora","publisher":{"@id":"https:\/\/maohinuiborabora.com\/staging\/6604\/#organization"},"potentialAction":[{"@type":"SearchAction","target":{"@type":"EntryPoint","urlTemplate":"https:\/\/maohinuiborabora.com\/staging\/6604\/?s={search_term_string}"},"query-input":{"@type":"PropertyValueSpecification","valueRequired":true,"valueName":"search_term_string"}}],"inLanguage":"fr-FR"},{"@type":"Organization","@id":"https:\/\/maohinuiborabora.com\/staging\/6604\/#organization","name":"Maohi Nui","url":"https:\/\/maohinuiborabora.com\/staging\/6604\/","logo":{"@type":"ImageObject","inLanguage":"fr-FR","@id":"https:\/\/maohinuiborabora.com\/staging\/6604\/#\/schema\/logo\/image\/","url":"https:\/\/maohinuiborabora.com\/wp-content\/uploads\/2023\/10\/cropped-Maohi-Nui-Logo-2.png","contentUrl":"https:\/\/maohinuiborabora.com\/wp-content\/uploads\/2023\/10\/cropped-Maohi-Nui-Logo-2.png","width":512,"height":512,"caption":"Maohi Nui"},"image":{"@id":"https:\/\/maohinuiborabora.com\/staging\/6604\/#\/schema\/logo\/image\/"},"sameAs":["https:\/\/www.facebook.com\/pages\/category\/Boat-Tour-Agency\/Maohi-Nui-123887721073618\/","https:\/\/www.tripadvisor.com\/Attraction_Review-g311415-d1191067-Reviews-Maohi_Nui-Bora_Bora_Society_Islands.html"]}]}},"_links":{"self":[{"href":"https:\/\/maohinuiborabora.com\/fr\/wp-json\/wp\/v2\/pages\/4331","targetHints":{"allow":["GET"]}}],"collection":[{"href":"https:\/\/maohinuiborabora.com\/fr\/wp-json\/wp\/v2\/pages"}],"about":[{"href":"https:\/\/maohinuiborabora.com\/fr\/wp-json\/wp\/v2\/types\/page"}],"author":[{"embeddable":true,"href":"https:\/\/maohinuiborabora.com\/fr\/wp-json\/wp\/v2\/users\/1"}],"replies":[{"embeddable":true,"href":"https:\/\/maohinuiborabora.com\/fr\/wp-json\/wp\/v2\/comments?post=4331"}],"version-history":[{"count":5,"href":"https:\/\/maohinuiborabora.com\/fr\/wp-json\/wp\/v2\/pages\/4331\/revisions"}],"predecessor-version":[{"id":5588,"href":"https:\/\/maohinuiborabora.com\/fr\/wp-json\/wp\/v2\/pages\/4331\/revisions\/5588"}],"wp:attachment":[{"href":"https:\/\/maohinuiborabora.com\/fr\/wp-json\/wp\/v2\/media?parent=4331"}],"curies":[{"name":"wp","href":"https:\/\/api.w.org\/{rel}","templated":true}]}}